{"id":10934,"date":"2023-09-18T16:54:31","date_gmt":"2023-09-18T14:54:31","guid":{"rendered":"https:\/\/www.motork.io\/it\/?page_id=10934"},"modified":"2024-06-18T10:34:01","modified_gmt":"2024-06-18T08:34:01","slug":"motork-e-gestionaleauto","status":"publish","type":"page","link":"https:\/\/www.motork.io\/it\/motork-e-gestionaleauto\/","title":{"rendered":"MotorK e GestionaleAuto"},"content":{"rendered":"\t\t<div data-elementor-type=\"wp-post\" data-elementor-id=\"10934\" class=\"elementor elementor-10934\" data-elementor-settings=\"[]\">\n\t\t\t\t\t\t<div class=\"elementor-inner\">\n\t\t\t\t\t\t\t<div class=\"elementor-section-wrap\">\n\t\t\t\t\t\t\t<section class=\"elementor-section elementor-top-section elementor-element elementor-element-49cfc80 elementor-section-content-middle elementor-section-stretched elementor-section-boxed ang-section-padding-initial elementor-section-height-default elementor-section-height-default\" data-id=\"49cfc80\" data-element_type=\"section\" data-settings=\"{&quot;background_background&quot;:&quot;classic&quot;,&quot;stretch_section&quot;:&quot;section-stretched&quot;}\">\n\t\t\t\t\t\t\t<div class=\"elementor-background-overlay\"><\/div>\n\t\t\t\t\t\t\t<div class=\"elementor-container elementor-column-gap-wider\">\n\t\t\t\t\t\t\t<div class=\"elementor-row\">\n\t\t\t\t\t<div class=\"elementor-column elementor-col-100 elementor-top-column elementor-element elementor-element-8ff482c\" data-id=\"8ff482c\" data-element_type=\"column\">\n\t\t\t<div class=\"elementor-column-wrap elementor-element-populated\">\n\t\t\t\t\t\t\t<div class=\"elementor-widget-wrap\">\n\t\t\t\t\t\t<div class=\"elementor-element elementor-element-385a08d elementor-invisible elementor-widget elementor-widget-image\" data-id=\"385a08d\" data-element_type=\"widget\" data-settings=\"{&quot;_animation&quot;:&quot;zoomIn&quot;}\" data-widget_type=\"image.default\">\n\t\t\t\t<div class=\"elementor-widget-container\">\n\t\t\t\t\t\t\t\t<div class=\"elementor-image\">\n\t\t\t\t\t\t\t\t\t\t\t\t<img loading=\"lazy\" decoding=\"async\" width=\"640\" height=\"215\" src=\"https:\/\/www.motork.io\/it\/wp-content\/uploads\/sites\/2\/2023\/09\/mk-ga.png\" class=\"attachment-large size-large\" alt=\"\" srcset=\"https:\/\/www.motork.io\/it\/wp-content\/uploads\/sites\/2\/2023\/09\/mk-ga.png 660w, https:\/\/www.motork.io\/it\/wp-content\/uploads\/sites\/2\/2023\/09\/mk-ga-300x101.png 300w, https:\/\/www.motork.io\/it\/wp-content\/uploads\/sites\/2\/2023\/09\/mk-ga-640x215.png 640w, https:\/\/www.motork.io\/it\/wp-content\/uploads\/sites\/2\/2023\/09\/mk-ga-330x111.png 330w, https:\/\/www.motork.io\/it\/wp-content\/uploads\/sites\/2\/2023\/09\/mk-ga-60x20.png 60w, https:\/\/www.motork.io\/it\/wp-content\/uploads\/sites\/2\/2023\/09\/mk-ga-432x145.png 432w\" sizes=\"auto, (max-width: 640px) 100vw, 640px\" \/>\t\t\t\t\t\t\t\t\t\t\t\t\t\t<\/div>\n\t\t\t\t\t\t<\/div>\n\t\t\t\t<\/div>\n\t\t\t\t<section class=\"elementor-section elementor-inner-section elementor-element elementor-element-34346a2 elementor-section-boxed ang-section-padding-initial elementor-section-height-default elementor-section-height-default\" data-id=\"34346a2\" data-element_type=\"section\">\n\t\t\t\t\t\t<div class=\"elementor-container elementor-column-gap-default\">\n\t\t\t\t\t\t\t<div class=\"elementor-row\">\n\t\t\t\t\t<div class=\"elementor-column elementor-col-50 elementor-inner-column elementor-element elementor-element-af86bf4 elementor-invisible\" data-id=\"af86bf4\" data-element_type=\"column\" data-settings=\"{&quot;motion_fx_motion_fx_scrolling&quot;:&quot;yes&quot;,&quot;motion_fx_translateY_effect&quot;:&quot;yes&quot;,&quot;motion_fx_translateY_direction&quot;:&quot;negative&quot;,&quot;motion_fx_devices&quot;:[&quot;desktop&quot;,&quot;tablet&quot;],&quot;animation&quot;:&quot;fadeIn&quot;,&quot;animation_delay&quot;:100,&quot;motion_fx_translateY_speed&quot;:{&quot;unit&quot;:&quot;px&quot;,&quot;size&quot;:4,&quot;sizes&quot;:[]},&quot;motion_fx_translateY_affectedRange&quot;:{&quot;unit&quot;:&quot;%&quot;,&quot;size&quot;:&quot;&quot;,&quot;sizes&quot;:{&quot;start&quot;:0,&quot;end&quot;:100}}}\">\n\t\t\t<div class=\"elementor-column-wrap elementor-element-populated\">\n\t\t\t\t\t\t\t<div class=\"elementor-widget-wrap\">\n\t\t\t\t\t\t<div class=\"elementor-element elementor-element-349655a elementor-align-left elementor-widget elementor-widget-button\" data-id=\"349655a\" data-element_type=\"widget\" data-widget_type=\"button.default\">\n\t\t\t\t<div class=\"elementor-widget-container\">\n\t\t\t\t\t<div class=\"elementor-button-wrapper\">\n\t\t\t<a class=\"elementor-button elementor-size-sm\" role=\"button\">\n\t\t\t\t\t\t<span class=\"elementor-button-content-wrapper\">\n\t\t\t\t\t\t<span class=\"elementor-button-text\">WEBINAR GRATUITo<\/span>\n\t\t<\/span>\n\t\t\t\t\t<\/a>\n\t\t<\/div>\n\t\t\t\t<\/div>\n\t\t\t\t<\/div>\n\t\t\t\t<div class=\"elementor-element elementor-element-e5fc3b0 elementor-widget elementor-widget-heading\" data-id=\"e5fc3b0\" data-element_type=\"widget\" data-widget_type=\"heading.default\">\n\t\t\t\t<div class=\"elementor-widget-container\">\n\t\t\t<h2 class=\"elementor-heading-title elementor-size-default\">GA 2024: il multipubblicatore evoluto, al servizio della tua concessionaria.<\/h2>\t\t<\/div>\n\t\t\t\t<\/div>\n\t\t\t\t<div class=\"elementor-element elementor-element-4221c5d elementor-widget elementor-widget-heading\" data-id=\"4221c5d\" data-element_type=\"widget\" data-widget_type=\"heading.default\">\n\t\t\t\t<div class=\"elementor-widget-container\">\n\t\t\t<h2 class=\"elementor-heading-title elementor-size-default\">Per approfondire i benefici di GA 2024, ti invitiamo a partecipare al <strong>webinar online<\/strong> che si terr\u00e0 <strong>gioved\u00ec 4 luglio<\/strong>, alle ore <strong>11:00<\/strong>. <br><br>Gian Luca Dalla Torre, Head of Engineering, illustrer\u00e0 i vantaggi di questo strumento e sar\u00e0 a disposizione per rispondere alle tue domande.<\/h2>\t\t<\/div>\n\t\t\t\t<\/div>\n\t\t\t\t<div class=\"elementor-element elementor-element-eb51fb6 elementor-absolute elementor-widget__width-initial elementor-widget elementor-widget-image\" data-id=\"eb51fb6\" data-element_type=\"widget\" data-settings=\"{&quot;_position&quot;:&quot;absolute&quot;,&quot;motion_fx_motion_fx_mouse&quot;:&quot;yes&quot;,&quot;motion_fx_mouseTrack_effect&quot;:&quot;yes&quot;,&quot;motion_fx_mouseTrack_direction&quot;:&quot;negative&quot;,&quot;motion_fx_mouseTrack_speed&quot;:{&quot;unit&quot;:&quot;px&quot;,&quot;size&quot;:3,&quot;sizes&quot;:[]}}\" data-widget_type=\"image.default\">\n\t\t\t\t<div class=\"elementor-widget-container\">\n\t\t\t\t\t\t\t\t<div class=\"elementor-image\">\n\t\t\t\t\t\t\t\t\t\t\t\t<img loading=\"lazy\" decoding=\"async\" width=\"757\" height=\"543\" src=\"https:\/\/www.motork.io\/it\/wp-content\/uploads\/sites\/2\/2024\/06\/blu-glow-2.png\" class=\"attachment-full size-full\" alt=\"\" srcset=\"https:\/\/www.motork.io\/it\/wp-content\/uploads\/sites\/2\/2024\/06\/blu-glow-2.png 757w, https:\/\/www.motork.io\/it\/wp-content\/uploads\/sites\/2\/2024\/06\/blu-glow-2-300x215.png 300w, https:\/\/www.motork.io\/it\/wp-content\/uploads\/sites\/2\/2024\/06\/blu-glow-2-640x459.png 640w, https:\/\/www.motork.io\/it\/wp-content\/uploads\/sites\/2\/2024\/06\/blu-glow-2-330x237.png 330w, https:\/\/www.motork.io\/it\/wp-content\/uploads\/sites\/2\/2024\/06\/blu-glow-2-60x43.png 60w, https:\/\/www.motork.io\/it\/wp-content\/uploads\/sites\/2\/2024\/06\/blu-glow-2-339x243.png 339w\" sizes=\"auto, (max-width: 757px) 100vw, 757px\" \/>\t\t\t\t\t\t\t\t\t\t\t\t\t\t<\/div>\n\t\t\t\t\t\t<\/div>\n\t\t\t\t<\/div>\n\t\t\t\t\t\t<\/div>\n\t\t\t\t\t<\/div>\n\t\t<\/div>\n\t\t\t\t<div class=\"elementor-column elementor-col-50 elementor-inner-column elementor-element elementor-element-0c44b12\" data-id=\"0c44b12\" data-element_type=\"column\" data-settings=\"{&quot;background_background&quot;:&quot;classic&quot;}\">\n\t\t\t<div class=\"elementor-column-wrap elementor-element-populated\">\n\t\t\t\t\t\t\t<div class=\"elementor-widget-wrap\">\n\t\t\t\t\t\t<div class=\"elementor-element elementor-element-de787bb elementor-headline--style-highlight elementor-widget elementor-widget-animated-headline\" data-id=\"de787bb\" data-element_type=\"widget\" data-settings=\"{&quot;highlight_animation_duration&quot;:&quot;0&quot;,&quot;headline_style&quot;:&quot;highlight&quot;,&quot;marker&quot;:&quot;circle&quot;}\" data-widget_type=\"animated-headline.default\">\n\t\t\t\t<div class=\"elementor-widget-container\">\n\t\t\t\t\t<h3 class=\"elementor-headline\">\n\t\t\t\t\t<span class=\"elementor-headline-plain-text elementor-headline-text-wrapper\">Gioved\u00ec 4 luglio alle 11:00<\/span>\n\t\t\t\t<span class=\"elementor-headline-dynamic-wrapper elementor-headline-text-wrapper\">\n\t\t\t\t<\/span>\n\t\t\t\t<\/h3>\n\t\t\t\t<\/div>\n\t\t\t\t<\/div>\n\t\t\t\t<div class=\"elementor-element elementor-element-b0c7cdc elementor-widget elementor-widget-heading\" data-id=\"b0c7cdc\" data-element_type=\"widget\" data-widget_type=\"heading.default\">\n\t\t\t\t<div class=\"elementor-widget-container\">\n\t\t\t<h2 class=\"elementor-heading-title elementor-size-default\">Compila il form per iscriverti al webinar: <\/h2>\t\t<\/div>\n\t\t\t\t<\/div>\n\t\t\t\t<div class=\"elementor-element elementor-element-e8994d4 elementor-widget elementor-widget-shortcode\" data-id=\"e8994d4\" data-element_type=\"widget\" data-widget_type=\"shortcode.default\">\n\t\t\t\t<div class=\"elementor-widget-container\">\n\t\t\t\t\t<div class=\"elementor-shortcode\"><script type=\"text\/javascript\" src=\"https:\/\/contact.motork.io\/form\/generate.js?id=464\"><\/script><\/div>\n\t\t\t\t<\/div>\n\t\t\t\t<\/div>\n\t\t\t\t\t\t<\/div>\n\t\t\t\t\t<\/div>\n\t\t<\/div>\n\t\t\t\t\t\t\t\t<\/div>\n\t\t\t\t\t<\/div>\n\t\t<\/section>\n\t\t\t\t\t\t<\/div>\n\t\t\t\t\t<\/div>\n\t\t<\/div>\n\t\t\t\t\t\t\t\t<\/div>\n\t\t\t\t\t<\/div>\n\t\t<\/section>\n\t\t\t\t\t\t<\/div>\n\t\t\t\t\t\t<\/div>\n\t\t\t\t\t<\/div>\n\t\t","protected":false},"excerpt":{"rendered":"<p>WEBINAR GRATUITo GA 2024: il multipubblicatore evoluto, al servizio della tua concessionaria. Per approfondire i benefici di GA 2024, ti invitiamo a partecipare al webinar online che si terr\u00e0 gioved\u00ec 4 luglio, alle ore 11:00. Gian Luca Dalla Torre, Head of Engineering, illustrer\u00e0 i vantaggi di questo strumento e sar\u00e0 a disposizione per rispondere alle [&hellip;]<\/p>\n","protected":false},"author":1,"featured_media":11403,"parent":0,"menu_order":0,"comment_status":"closed","ping_status":"closed","template":"","meta":{"footnotes":""},"class_list":["post-10934","page","type-page","status-publish","has-post-thumbnail","hentry"],"yoast_head":"<!-- This site is optimized with the Yoast SEO plugin v23.4 - https:\/\/yoast.com\/wordpress\/plugins\/seo\/ -->\n<title>Webinar Gratuito - MotorK Italia<\/title>\n<meta name=\"description\" content=\"Iscriviti al nostro webinar gratuito! GA 2024: il multipubblicatore evoluto al servizio della tua concessionaria o rivenditore\" \/>\n<meta name=\"robots\" content=\"noindex, nofollow\" \/>\n<meta property=\"og:locale\" content=\"it_IT\" \/>\n<meta property=\"og:type\" content=\"article\" \/>\n<meta property=\"og:title\" content=\"Partecipa al nostro webinar\" \/>\n<meta property=\"og:description\" content=\"Iscriviti al nostro webinar gratuito! GA 2024: il multipubblicatore evoluto al servizio della tua concessionaria o rivenditore\" \/>\n<meta property=\"og:url\" content=\"https:\/\/www.motork.io\/it\/motork-e-gestionaleauto\/\" \/>\n<meta property=\"og:site_name\" content=\"MotorK Italia\" \/>\n<meta property=\"article:modified_time\" content=\"2024-06-18T08:34:01+00:00\" \/>\n<meta property=\"og:image\" content=\"https:\/\/www.motork.io\/it\/wp-content\/uploads\/sites\/2\/2023\/09\/image-40.png\" \/>\n\t<meta property=\"og:image:width\" content=\"1402\" \/>\n\t<meta property=\"og:image:height\" content=\"692\" \/>\n\t<meta property=\"og:image:type\" content=\"image\/png\" \/>\n<meta name=\"twitter:card\" content=\"summary_large_image\" \/>\n<meta name=\"twitter:title\" content=\"Partecipa al webinar\" \/>\n<meta name=\"twitter:image\" content=\"https:\/\/www.motork.io\/it\/wp-content\/uploads\/sites\/2\/2023\/09\/image-40.png\" \/>\n<meta name=\"twitter:label1\" content=\"Tempo di lettura stimato\" \/>\n\t<meta name=\"twitter:data1\" content=\"1 minuto\" \/>\n<script type=\"application\/ld+json\" class=\"yoast-schema-graph\">{\"@context\":\"https:\/\/schema.org\",\"@graph\":[{\"@type\":\"WebPage\",\"@id\":\"https:\/\/www.motork.io\/it\/motork-e-gestionaleauto\/\",\"url\":\"https:\/\/www.motork.io\/it\/motork-e-gestionaleauto\/\",\"name\":\"Webinar Gratuito - MotorK Italia\",\"isPartOf\":{\"@id\":\"https:\/\/www.motork.io\/it\/#website\"},\"primaryImageOfPage\":{\"@id\":\"https:\/\/www.motork.io\/it\/motork-e-gestionaleauto\/#primaryimage\"},\"image\":{\"@id\":\"https:\/\/www.motork.io\/it\/motork-e-gestionaleauto\/#primaryimage\"},\"thumbnailUrl\":\"https:\/\/www.motork.io\/it\/wp-content\/uploads\/sites\/2\/2024\/06\/Screenshot-2024-06-17-at-13.07.32.png\",\"datePublished\":\"2023-09-18T14:54:31+00:00\",\"dateModified\":\"2024-06-18T08:34:01+00:00\",\"description\":\"Iscriviti al nostro webinar gratuito! GA 2024: il multipubblicatore evoluto al servizio della tua concessionaria o rivenditore\",\"breadcrumb\":{\"@id\":\"https:\/\/www.motork.io\/it\/motork-e-gestionaleauto\/#breadcrumb\"},\"inLanguage\":\"it-IT\",\"potentialAction\":[{\"@type\":\"ReadAction\",\"target\":[\"https:\/\/www.motork.io\/it\/motork-e-gestionaleauto\/\"]}]},{\"@type\":\"ImageObject\",\"inLanguage\":\"it-IT\",\"@id\":\"https:\/\/www.motork.io\/it\/motork-e-gestionaleauto\/#primaryimage\",\"url\":\"https:\/\/www.motork.io\/it\/wp-content\/uploads\/sites\/2\/2024\/06\/Screenshot-2024-06-17-at-13.07.32.png\",\"contentUrl\":\"https:\/\/www.motork.io\/it\/wp-content\/uploads\/sites\/2\/2024\/06\/Screenshot-2024-06-17-at-13.07.32.png\",\"width\":2900,\"height\":968,\"caption\":\"Webinar Gratuito\"},{\"@type\":\"BreadcrumbList\",\"@id\":\"https:\/\/www.motork.io\/it\/motork-e-gestionaleauto\/#breadcrumb\",\"itemListElement\":[{\"@type\":\"ListItem\",\"position\":1,\"name\":\"Home\",\"item\":\"https:\/\/www.motork.io\/it\/\"},{\"@type\":\"ListItem\",\"position\":2,\"name\":\"MotorK e GestionaleAuto\"}]},{\"@type\":\"WebSite\",\"@id\":\"https:\/\/www.motork.io\/it\/#website\",\"url\":\"https:\/\/www.motork.io\/it\/\",\"name\":\"MotorK Italia\",\"description\":\"\",\"publisher\":{\"@id\":\"https:\/\/www.motork.io\/it\/#organization\"},\"potentialAction\":[{\"@type\":\"SearchAction\",\"target\":{\"@type\":\"EntryPoint\",\"urlTemplate\":\"https:\/\/www.motork.io\/it\/?s={search_term_string}\"},\"query-input\":{\"@type\":\"PropertyValueSpecification\",\"valueRequired\":true,\"valueName\":\"search_term_string\"}}],\"inLanguage\":\"it-IT\"},{\"@type\":\"Organization\",\"@id\":\"https:\/\/www.motork.io\/it\/#organization\",\"name\":\"MotorK Italia\",\"url\":\"https:\/\/www.motork.io\/it\/\",\"logo\":{\"@type\":\"ImageObject\",\"inLanguage\":\"it-IT\",\"@id\":\"https:\/\/www.motork.io\/it\/#\/schema\/logo\/image\/\",\"url\":\"https:\/\/www.motork.io\/it\/wp-content\/uploads\/sites\/2\/2019\/09\/MOTORK-logo.png\",\"contentUrl\":\"https:\/\/www.motork.io\/it\/wp-content\/uploads\/sites\/2\/2019\/09\/MOTORK-logo.png\",\"width\":2144,\"height\":485,\"caption\":\"MotorK Italia\"},\"image\":{\"@id\":\"https:\/\/www.motork.io\/it\/#\/schema\/logo\/image\/\"}}]}<\/script>\n<!-- \/ Yoast SEO plugin. -->","yoast_head_json":{"title":"Webinar Gratuito - MotorK Italia","description":"Iscriviti al nostro webinar gratuito! GA 2024: il multipubblicatore evoluto al servizio della tua concessionaria o rivenditore","robots":{"index":"noindex","follow":"nofollow"},"og_locale":"it_IT","og_type":"article","og_title":"Partecipa al nostro webinar","og_description":"Iscriviti al nostro webinar gratuito! GA 2024: il multipubblicatore evoluto al servizio della tua concessionaria o rivenditore","og_url":"https:\/\/www.motork.io\/it\/motork-e-gestionaleauto\/","og_site_name":"MotorK Italia","article_modified_time":"2024-06-18T08:34:01+00:00","og_image":[{"width":1402,"height":692,"url":"https:\/\/www.motork.io\/it\/wp-content\/uploads\/sites\/2\/2023\/09\/image-40.png","type":"image\/png"}],"twitter_card":"summary_large_image","twitter_title":"Partecipa al webinar","twitter_image":"https:\/\/www.motork.io\/it\/wp-content\/uploads\/sites\/2\/2023\/09\/image-40.png","twitter_misc":{"Tempo di lettura stimato":"1 minuto"},"schema":{"@context":"https:\/\/schema.org","@graph":[{"@type":"WebPage","@id":"https:\/\/www.motork.io\/it\/motork-e-gestionaleauto\/","url":"https:\/\/www.motork.io\/it\/motork-e-gestionaleauto\/","name":"Webinar Gratuito - MotorK Italia","isPartOf":{"@id":"https:\/\/www.motork.io\/it\/#website"},"primaryImageOfPage":{"@id":"https:\/\/www.motork.io\/it\/motork-e-gestionaleauto\/#primaryimage"},"image":{"@id":"https:\/\/www.motork.io\/it\/motork-e-gestionaleauto\/#primaryimage"},"thumbnailUrl":"https:\/\/www.motork.io\/it\/wp-content\/uploads\/sites\/2\/2024\/06\/Screenshot-2024-06-17-at-13.07.32.png","datePublished":"2023-09-18T14:54:31+00:00","dateModified":"2024-06-18T08:34:01+00:00","description":"Iscriviti al nostro webinar gratuito! GA 2024: il multipubblicatore evoluto al servizio della tua concessionaria o rivenditore","breadcrumb":{"@id":"https:\/\/www.motork.io\/it\/motork-e-gestionaleauto\/#breadcrumb"},"inLanguage":"it-IT","potentialAction":[{"@type":"ReadAction","target":["https:\/\/www.motork.io\/it\/motork-e-gestionaleauto\/"]}]},{"@type":"ImageObject","inLanguage":"it-IT","@id":"https:\/\/www.motork.io\/it\/motork-e-gestionaleauto\/#primaryimage","url":"https:\/\/www.motork.io\/it\/wp-content\/uploads\/sites\/2\/2024\/06\/Screenshot-2024-06-17-at-13.07.32.png","contentUrl":"https:\/\/www.motork.io\/it\/wp-content\/uploads\/sites\/2\/2024\/06\/Screenshot-2024-06-17-at-13.07.32.png","width":2900,"height":968,"caption":"Webinar Gratuito"},{"@type":"BreadcrumbList","@id":"https:\/\/www.motork.io\/it\/motork-e-gestionaleauto\/#breadcrumb","itemListElement":[{"@type":"ListItem","position":1,"name":"Home","item":"https:\/\/www.motork.io\/it\/"},{"@type":"ListItem","position":2,"name":"MotorK e GestionaleAuto"}]},{"@type":"WebSite","@id":"https:\/\/www.motork.io\/it\/#website","url":"https:\/\/www.motork.io\/it\/","name":"MotorK Italia","description":"","publisher":{"@id":"https:\/\/www.motork.io\/it\/#organization"},"potentialAction":[{"@type":"SearchAction","target":{"@type":"EntryPoint","urlTemplate":"https:\/\/www.motork.io\/it\/?s={search_term_string}"},"query-input":{"@type":"PropertyValueSpecification","valueRequired":true,"valueName":"search_term_string"}}],"inLanguage":"it-IT"},{"@type":"Organization","@id":"https:\/\/www.motork.io\/it\/#organization","name":"MotorK Italia","url":"https:\/\/www.motork.io\/it\/","logo":{"@type":"ImageObject","inLanguage":"it-IT","@id":"https:\/\/www.motork.io\/it\/#\/schema\/logo\/image\/","url":"https:\/\/www.motork.io\/it\/wp-content\/uploads\/sites\/2\/2019\/09\/MOTORK-logo.png","contentUrl":"https:\/\/www.motork.io\/it\/wp-content\/uploads\/sites\/2\/2019\/09\/MOTORK-logo.png","width":2144,"height":485,"caption":"MotorK Italia"},"image":{"@id":"https:\/\/www.motork.io\/it\/#\/schema\/logo\/image\/"}}]}},"_links":{"self":[{"href":"https:\/\/www.motork.io\/it\/wp-json\/wp\/v2\/pages\/10934","targetHints":{"allow":["GET"]}}],"collection":[{"href":"https:\/\/www.motork.io\/it\/wp-json\/wp\/v2\/pages"}],"about":[{"href":"https:\/\/www.motork.io\/it\/wp-json\/wp\/v2\/types\/page"}],"author":[{"embeddable":true,"href":"https:\/\/www.motork.io\/it\/wp-json\/wp\/v2\/users\/1"}],"replies":[{"embeddable":true,"href":"https:\/\/www.motork.io\/it\/wp-json\/wp\/v2\/comments?post=10934"}],"version-history":[{"count":0,"href":"https:\/\/www.motork.io\/it\/wp-json\/wp\/v2\/pages\/10934\/revisions"}],"wp:featuredmedia":[{"embeddable":true,"href":"https:\/\/www.motork.io\/it\/wp-json\/wp\/v2\/media\/11403"}],"wp:attachment":[{"href":"https:\/\/www.motork.io\/it\/wp-json\/wp\/v2\/media?parent=10934"}],"curies":[{"name":"wp","href":"https:\/\/api.w.org\/{rel}","templated":true}]}}